{"id":406,"date":"2025-01-15T10:06:00","date_gmt":"2025-01-15T09:06:00","guid":{"rendered":"https:\/\/rollball.eu\/?post_type=product&#038;p=406"},"modified":"2025-01-15T10:54:03","modified_gmt":"2025-01-15T09:54:03","slug":"rollball-uni-400mm-motorizovany-stroj-na-vyrobu-boilies","status":"publish","type":"product","link":"https:\/\/rollball.eu\/cs\/shop\/uncategorized-cs\/rollball-uni-400mm-motorizovany-stroj-na-vyrobu-boilies\/","title":{"rendered":"Rollball UNI 400mm &#8211; motorizovan\u00fd stroj na v\u00fdrobu boilies"},"content":{"rendered":"<h1 style=\"text-align: center;\">Rollball UNI 400mm<\/h1>\n<p>Rollball je kompletn\u00fd v\u00fdrobok s regulovan\u00fdm pohonom s bezpe\u010dn\u00fdm nap\u00e1jan\u00edm a 19V adapt\u00e9rom. Rollbal je v preveden\u00ed vymenite\u013en\u00fdch z\u00e1kladn\u00fdch dielov pre v\u00fdmenu pod\u013ea po\u017eadovan\u00e9ho priemeru guli\u010dky (boilies).V\u00fdrobok je ve\u013emi praktick\u00fd, \u013eahk\u00fd. Jeho mal\u00e9 rozmery a n\u00edzka hmotnos\u0165 zabezpe\u010duj\u00fa ide\u00e1lnu prenosite\u013enos\u0165. Je ur\u010den\u00fd pre ryb\u00e1rov, ktor\u00ed chc\u00fa by\u0165 nez\u00e1visl\u00ed a chc\u00fa si v dom\u00e1cej pohode vyrobi\u0165 n\u00e1strahy pod\u013ea vlastn\u00e9ho uv\u00e1\u017eenia a pr\u00edchut\u00ed.<\/p>\n<h1 style=\"text-align: center;\"><strong>K\u013e\u00fa\u010dov\u00e9 v\u00fdhody:<\/strong><\/h1>\n<h4 style=\"text-align: center;\">1. Kompaktn\u00e9 rozmery a v\u00e1ha.<\/h4>\n<h4 style=\"text-align: center;\">2. Vymenite\u013en\u00e9 z\u00e1kladn\u00e9 diely pod\u013ea priemeru guli\u010dky<\/h4>\n<h4 style=\"text-align: center;\">3. Viacero mo\u017en\u00fdch dl\u017eok skladom.<\/h4>\n<h4 style=\"text-align: center;\">4. Podporujete slovensk\u00e9ho v\u00fdrobcu.<\/h4>\n<h4><\/h4>\n<p><img loading=\"lazy\" decoding=\"async\" src=\"https:\/\/www.jcmedia.sk\/wp-content\/uploads\/2020\/10\/gule.jpg\" alt=\"\" width=\"1728\" height=\"1152\" \/><\/p>\n<h1 style=\"text-align: center;\"><strong>Vlastnosti:<\/strong><\/h1>\n<h3 style=\"text-align: center;\">Regulovan\u00fd pohon<\/h3>\n<p style=\"text-align: center;\">Ka\u017ed\u00fd rollball m\u00e1 zabudovan\u00e9 bezpe\u010dn\u00e9 regulovanie ot\u00e1\u010dok pod\u013ea potreby.<\/p>\n<h3 style=\"text-align: center;\">Mal\u00e9 rozmery<\/h3>\n<p style=\"text-align: center;\">Rollball \u013eahko preniesete na miesto, kde ho budete potrebova\u0165 pou\u017ei\u0165.<\/p>\n<h3 style=\"text-align: center;\">V\u00fdroba r\u00f4znych rozmerov guli\u010diek (boilies)<\/h3>\n<p style=\"text-align: center;\">Vymenite\u013en\u00e9 z\u00e1kladn\u00e9 \u010dasti pod\u013ea potreby na in\u00fa ve\u013ekos\u0165 guli\u010dky.<\/p>\n<h1 style=\"text-align: center;\"><strong>Popis a technick\u00e9 parametre a vide\u00e1:<\/strong><\/h1>\n<h3>Univerz\u00e1lny rollball UNI 400mm s mo\u017en\u00fdm priemerom guli\u010dky 16 mm \/ 18 mm \/ 20 mm \/ 24mm <\/h3>\n<p><strong>Materi\u00e1l:<\/strong> PLA, PETG<br \/>\n<strong>Motor:<\/strong> regulovan\u00fd<br \/>\n<strong>Priemer guli\u010dky:<\/strong> vymenite\u013en\u00fd (s\u00fa\u010das\u0165ou balenia jeden valec s priemerom pod\u013ea v\u00fdberu)<br \/>\n<strong>D\u013a\u017eka rollball-u:<\/strong> 400mm<br \/>\n<strong>In\u00e9:<\/strong> predpr\u00edprava val\u010dekovej trate, ktor\u00fa mo\u017eno pou\u017ei\u0165 v kombin\u00e1cii s vytla\u010dac\u00edmi pi\u0161tolami<br \/>\n<strong>Z\u00e1ruka:<\/strong> 24 mesiacov na elektroniku, 12 mesiacov na mechanick\u00e9 opotrebenie<\/p>\n<p>&nbsp;<\/p>\n<h1 style=\"text-align: center;\">U n\u00e1s vo v\u00fdrobni<\/h1>\n<p><iframe loading=\"lazy\" style=\"border: none; overflow: hidden;\" src=\"https:\/\/www.facebook.com\/plugins\/video.php?height=420&amp;href=https%3A%2F%2Fwww.facebook.com%2Fjcmediapc%2Fvideos%2F993536044390658%2F&amp;show_text=true&amp;width=560\" width=\"560\" height=\"535\" frameborder=\"0\" scrolling=\"no\" allowfullscreen=\"allowfullscreen\"><\/iframe><\/p>\n<p>&nbsp;<\/p>\n<h1 style=\"text-align: center;\">Priamo v akcii<\/h1>\n<p><iframe loading=\"lazy\" style=\"border: none; overflow: hidden;\" src=\"https:\/\/www.facebook.com\/plugins\/video.php?height=322&amp;href=https%3A%2F%2Fwww.facebook.com%2Fjcmediapc%2Fvideos%2F2769985526619407%2F&amp;show_text=true&amp;width=560\" width=\"560\" height=\"437\" frameborder=\"0\" scrolling=\"no\" allowfullscreen=\"allowfullscreen\"><\/iframe><\/p>\n","protected":false},"excerpt":{"rendered":"<p>Rollball UNI 400mm Rollball je kompletn\u00fd v\u00fdrobok s regulovan\u00fdm pohonom s bezpe\u010dn\u00fdm nap\u00e1jan\u00edm a 19V adapt\u00e9rom. Rollbal je v preveden\u00ed vymenite\u013en\u00fdch z\u00e1kladn\u00fdch dielov pre v\u00fdmenu pod\u013ea<span class=\"excerpt-hellip\"> [\u2026]<\/span><\/p>\n","protected":false},"featured_media":0,"comment_status":"open","ping_status":"closed","template":"","meta":{"_monsterinsights_skip_tracking":false,"_monsterinsights_sitenote_active":false,"_monsterinsights_sitenote_note":"","_monsterinsights_sitenote_category":0},"product_cat":[45],"product_tag":[],"class_list":{"0":"post-406","1":"product","2":"type-product","3":"status-publish","5":"product_cat-uncategorized-cs","7":"first","8":"instock","9":"shipping-taxable","10":"product-type-simple"},"yoast_head":"<!-- This site is optimized with the Yoast SEO plugin v24.2 - https:\/\/yoast.com\/wordpress\/plugins\/seo\/ -->\n<title>Rollball UNI 400mm - motorizovan\u00fd stroj na v\u00fdrobu boilies - rollball.eu<\/title>\n<meta name=\"robots\" content=\"index, follow, max-snippet:-1, max-image-preview:large, max-video-preview:-1\" \/>\n<link rel=\"canonical\" href=\"https:\/\/rollball.eu\/cs\/shop\/uncategorized-cs\/rollball-uni-400mm-motorizovany-stroj-na-vyrobu-boilies\/\" \/>\n<meta property=\"og:locale\" content=\"cs_CZ\" \/>\n<meta property=\"og:type\" content=\"article\" \/>\n<meta property=\"og:title\" content=\"Rollball UNI 400mm - motorizovan\u00fd stroj na v\u00fdrobu boilies - rollball.eu\" \/>\n<meta property=\"og:description\" content=\"Rollball UNI 400mm Rollball je kompletn\u00fd v\u00fdrobok s regulovan\u00fdm pohonom s bezpe\u010dn\u00fdm nap\u00e1jan\u00edm a 19V adapt\u00e9rom. Rollbal je v preveden\u00ed vymenite\u013en\u00fdch z\u00e1kladn\u00fdch dielov pre v\u00fdmenu pod\u013ea [\u2026]\" \/>\n<meta property=\"og:url\" content=\"https:\/\/rollball.eu\/cs\/shop\/uncategorized-cs\/rollball-uni-400mm-motorizovany-stroj-na-vyrobu-boilies\/\" \/>\n<meta property=\"og:site_name\" content=\"rollball.eu\" \/>\n<meta property=\"article:modified_time\" content=\"2025-01-15T09:54:03+00:00\" \/>\n<meta property=\"og:image\" content=\"https:\/\/www.jcmedia.sk\/wp-content\/uploads\/2020\/10\/gule.jpg\" \/>\n<meta name=\"twitter:card\" content=\"summary_large_image\" \/>\n<meta name=\"twitter:label1\" content=\"Odhadovan\u00e1 doba \u010dten\u00ed\" \/>\n\t<meta name=\"twitter:data1\" content=\"2 minuty\" \/>\n<script type=\"application\/ld+json\" class=\"yoast-schema-graph\">{\"@context\":\"https:\/\/schema.org\",\"@graph\":[{\"@type\":\"WebPage\",\"@id\":\"https:\/\/rollball.eu\/cs\/shop\/uncategorized-cs\/rollball-uni-400mm-motorizovany-stroj-na-vyrobu-boilies\/\",\"url\":\"https:\/\/rollball.eu\/cs\/shop\/uncategorized-cs\/rollball-uni-400mm-motorizovany-stroj-na-vyrobu-boilies\/\",\"name\":\"Rollball UNI 400mm - motorizovan\u00fd stroj na v\u00fdrobu boilies - rollball.eu\",\"isPartOf\":{\"@id\":\"https:\/\/rollball.eu\/cs\/#website\"},\"primaryImageOfPage\":{\"@id\":\"https:\/\/rollball.eu\/cs\/shop\/uncategorized-cs\/rollball-uni-400mm-motorizovany-stroj-na-vyrobu-boilies\/#primaryimage\"},\"image\":{\"@id\":\"https:\/\/rollball.eu\/cs\/shop\/uncategorized-cs\/rollball-uni-400mm-motorizovany-stroj-na-vyrobu-boilies\/#primaryimage\"},\"thumbnailUrl\":\"https:\/\/www.jcmedia.sk\/wp-content\/uploads\/2020\/10\/gule.jpg\",\"datePublished\":\"2025-01-15T09:06:00+00:00\",\"dateModified\":\"2025-01-15T09:54:03+00:00\",\"breadcrumb\":{\"@id\":\"https:\/\/rollball.eu\/cs\/shop\/uncategorized-cs\/rollball-uni-400mm-motorizovany-stroj-na-vyrobu-boilies\/#breadcrumb\"},\"inLanguage\":\"cs\",\"potentialAction\":[{\"@type\":\"ReadAction\",\"target\":[\"https:\/\/rollball.eu\/cs\/shop\/uncategorized-cs\/rollball-uni-400mm-motorizovany-stroj-na-vyrobu-boilies\/\"]}]},{\"@type\":\"ImageObject\",\"inLanguage\":\"cs\",\"@id\":\"https:\/\/rollball.eu\/cs\/shop\/uncategorized-cs\/rollball-uni-400mm-motorizovany-stroj-na-vyrobu-boilies\/#primaryimage\",\"url\":\"https:\/\/www.jcmedia.sk\/wp-content\/uploads\/2020\/10\/gule.jpg\",\"contentUrl\":\"https:\/\/www.jcmedia.sk\/wp-content\/uploads\/2020\/10\/gule.jpg\"},{\"@type\":\"BreadcrumbList\",\"@id\":\"https:\/\/rollball.eu\/cs\/shop\/uncategorized-cs\/rollball-uni-400mm-motorizovany-stroj-na-vyrobu-boilies\/#breadcrumb\",\"itemListElement\":[{\"@type\":\"ListItem\",\"position\":1,\"name\":\"Home\",\"item\":\"https:\/\/rollball.eu\/cs\/\"},{\"@type\":\"ListItem\",\"position\":2,\"name\":\"Shop\",\"item\":\"https:\/\/rollball.eu\/cs\/shop\/\"},{\"@type\":\"ListItem\",\"position\":3,\"name\":\"Rollball UNI 400mm &#8211; motorizovan\u00fd stroj na v\u00fdrobu boilies\"}]},{\"@type\":\"WebSite\",\"@id\":\"https:\/\/rollball.eu\/cs\/#website\",\"url\":\"https:\/\/rollball.eu\/cs\/\",\"name\":\"rollball.eu\",\"description\":\"g\u00fa\u013eajte vlastn\u00e9 boilies\",\"potentialAction\":[{\"@type\":\"SearchAction\",\"target\":{\"@type\":\"EntryPoint\",\"urlTemplate\":\"https:\/\/rollball.eu\/cs\/?s={search_term_string}\"},\"query-input\":{\"@type\":\"PropertyValueSpecification\",\"valueRequired\":true,\"valueName\":\"search_term_string\"}}],\"inLanguage\":\"cs\"}]}<\/script>\n<!-- \/ Yoast SEO plugin. -->","yoast_head_json":{"title":"Rollball UNI 400mm - motorizovan\u00fd stroj na v\u00fdrobu boilies - rollball.eu","robots":{"index":"index","follow":"follow","max-snippet":"max-snippet:-1","max-image-preview":"max-image-preview:large","max-video-preview":"max-video-preview:-1"},"canonical":"https:\/\/rollball.eu\/cs\/shop\/uncategorized-cs\/rollball-uni-400mm-motorizovany-stroj-na-vyrobu-boilies\/","og_locale":"cs_CZ","og_type":"article","og_title":"Rollball UNI 400mm - motorizovan\u00fd stroj na v\u00fdrobu boilies - rollball.eu","og_description":"Rollball UNI 400mm Rollball je kompletn\u00fd v\u00fdrobok s regulovan\u00fdm pohonom s bezpe\u010dn\u00fdm nap\u00e1jan\u00edm a 19V adapt\u00e9rom. Rollbal je v preveden\u00ed vymenite\u013en\u00fdch z\u00e1kladn\u00fdch dielov pre v\u00fdmenu pod\u013ea [\u2026]","og_url":"https:\/\/rollball.eu\/cs\/shop\/uncategorized-cs\/rollball-uni-400mm-motorizovany-stroj-na-vyrobu-boilies\/","og_site_name":"rollball.eu","article_modified_time":"2025-01-15T09:54:03+00:00","og_image":[{"url":"https:\/\/www.jcmedia.sk\/wp-content\/uploads\/2020\/10\/gule.jpg","type":"","width":"","height":""}],"twitter_card":"summary_large_image","twitter_misc":{"Odhadovan\u00e1 doba \u010dten\u00ed":"2 minuty"},"schema":{"@context":"https:\/\/schema.org","@graph":[{"@type":"WebPage","@id":"https:\/\/rollball.eu\/cs\/shop\/uncategorized-cs\/rollball-uni-400mm-motorizovany-stroj-na-vyrobu-boilies\/","url":"https:\/\/rollball.eu\/cs\/shop\/uncategorized-cs\/rollball-uni-400mm-motorizovany-stroj-na-vyrobu-boilies\/","name":"Rollball UNI 400mm - motorizovan\u00fd stroj na v\u00fdrobu boilies - rollball.eu","isPartOf":{"@id":"https:\/\/rollball.eu\/cs\/#website"},"primaryImageOfPage":{"@id":"https:\/\/rollball.eu\/cs\/shop\/uncategorized-cs\/rollball-uni-400mm-motorizovany-stroj-na-vyrobu-boilies\/#primaryimage"},"image":{"@id":"https:\/\/rollball.eu\/cs\/shop\/uncategorized-cs\/rollball-uni-400mm-motorizovany-stroj-na-vyrobu-boilies\/#primaryimage"},"thumbnailUrl":"https:\/\/www.jcmedia.sk\/wp-content\/uploads\/2020\/10\/gule.jpg","datePublished":"2025-01-15T09:06:00+00:00","dateModified":"2025-01-15T09:54:03+00:00","breadcrumb":{"@id":"https:\/\/rollball.eu\/cs\/shop\/uncategorized-cs\/rollball-uni-400mm-motorizovany-stroj-na-vyrobu-boilies\/#breadcrumb"},"inLanguage":"cs","potentialAction":[{"@type":"ReadAction","target":["https:\/\/rollball.eu\/cs\/shop\/uncategorized-cs\/rollball-uni-400mm-motorizovany-stroj-na-vyrobu-boilies\/"]}]},{"@type":"ImageObject","inLanguage":"cs","@id":"https:\/\/rollball.eu\/cs\/shop\/uncategorized-cs\/rollball-uni-400mm-motorizovany-stroj-na-vyrobu-boilies\/#primaryimage","url":"https:\/\/www.jcmedia.sk\/wp-content\/uploads\/2020\/10\/gule.jpg","contentUrl":"https:\/\/www.jcmedia.sk\/wp-content\/uploads\/2020\/10\/gule.jpg"},{"@type":"BreadcrumbList","@id":"https:\/\/rollball.eu\/cs\/shop\/uncategorized-cs\/rollball-uni-400mm-motorizovany-stroj-na-vyrobu-boilies\/#breadcrumb","itemListElement":[{"@type":"ListItem","position":1,"name":"Home","item":"https:\/\/rollball.eu\/cs\/"},{"@type":"ListItem","position":2,"name":"Shop","item":"https:\/\/rollball.eu\/cs\/shop\/"},{"@type":"ListItem","position":3,"name":"Rollball UNI 400mm &#8211; motorizovan\u00fd stroj na v\u00fdrobu boilies"}]},{"@type":"WebSite","@id":"https:\/\/rollball.eu\/cs\/#website","url":"https:\/\/rollball.eu\/cs\/","name":"rollball.eu","description":"g\u00fa\u013eajte vlastn\u00e9 boilies","potentialAction":[{"@type":"SearchAction","target":{"@type":"EntryPoint","urlTemplate":"https:\/\/rollball.eu\/cs\/?s={search_term_string}"},"query-input":{"@type":"PropertyValueSpecification","valueRequired":true,"valueName":"search_term_string"}}],"inLanguage":"cs"}]}},"jetpack_sharing_enabled":true,"_links":{"self":[{"href":"https:\/\/rollball.eu\/cs\/wp-json\/wp\/v2\/product\/406","targetHints":{"allow":["GET"]}}],"collection":[{"href":"https:\/\/rollball.eu\/cs\/wp-json\/wp\/v2\/product"}],"about":[{"href":"https:\/\/rollball.eu\/cs\/wp-json\/wp\/v2\/types\/product"}],"replies":[{"embeddable":true,"href":"https:\/\/rollball.eu\/cs\/wp-json\/wp\/v2\/comments?post=406"}],"wp:attachment":[{"href":"https:\/\/rollball.eu\/cs\/wp-json\/wp\/v2\/media?parent=406"}],"wp:term":[{"taxonomy":"product_cat","embeddable":true,"href":"https:\/\/rollball.eu\/cs\/wp-json\/wp\/v2\/product_cat?post=406"},{"taxonomy":"product_tag","embeddable":true,"href":"https:\/\/rollball.eu\/cs\/wp-json\/wp\/v2\/product_tag?post=406"}],"curies":[{"name":"wp","href":"https:\/\/api.w.org\/{rel}","templated":true}]}}